{"id":117,"date":"2021-11-07T07:33:43","date_gmt":"2021-11-07T06:33:43","guid":{"rendered":"http:\/\/kg-blessem.de\/?page_id=117"},"modified":"2021-11-07T07:33:44","modified_gmt":"2021-11-07T06:33:44","slug":"nubbelverbrennung","status":"publish","type":"page","link":"https:\/\/kg-blessem.de\/?page_id=117","title":{"rendered":"Nubbelverbrennung"},"content":{"rendered":"\n<p>Auch bei uns in Blessem gibt es die Tradition der Nubbelverbrennung. Der Nubbel (eine angekleidete Strohpuppe) wird am Mittwoch vor Weiberfastnacht von der KG &#8222;gebastelt&#8220; und dann \u00fcber der Eingangst\u00fcr des &#8222;Blessemer Ecks&#8220; befestigt. Am Abend des Veilchendienstags wird der Nubbel in die Kneipe gebracht und es wird die Anklageschrift vorgetragen. Nachdem der Nubbel von den Anwesenden f\u00fcr &#8222;schuldig&#8220; befunden wurde, ziehen wir mit einer Prozession in Richtung Erft, um den Nubel zu verbrennen. Mit der Nubbelverbrennung werden, dem Brauchtum nach, symbolisch alle in der Karnevalszeit begangenen S\u00fcnden und Verfehlungen getilgt. Und so wird das Ende des Karnevals eingel\u00e4utet. Nach der Nubbelverbrennung geht es wieder zur\u00fcck in die Kneipe, in der dann noch ein wenig weitergefeiert wird, bis am Morgen der Aschermittwoch beginnt und die Karnevalszeit vorbei ist.<\/p>\n\n\n\n<p>Zudem verbinden wir die Nubbelverbrennung auch regelm\u00e4\u00dfig mit einem Dankesch\u00f6n an die Zugteilnehmer.<\/p>\n\n\n\n<div class=\"wp-block-image\"><figure class=\"aligncenter size-large\"><img loading=\"lazy\" decoding=\"async\" width=\"699\" height=\"790\" src=\"https:\/\/kg-blessem.de\/wp-content\/uploads\/2020\/04\/Nubbelbau.jpg\" alt=\"Der Nubbel ist fertig\" class=\"wp-image-157\" srcset=\"https:\/\/kg-blessem.de\/wp-content\/uploads\/2020\/04\/Nubbelbau.jpg 699w, https:\/\/kg-blessem.de\/wp-content\/uploads\/2020\/04\/Nubbelbau-265x300.jpg 265w\" sizes=\"auto, (max-width: 699px) 100vw, 699px\" \/><figcaption>Der Nubbel des Jahres 2020<\/figcaption><\/figure><\/div>\n\n\n\n<div class=\"wp-block-image\"><figure class=\"aligncenter size-large\"><img loading=\"lazy\" decoding=\"async\" width=\"768\" height=\"1024\" src=\"https:\/\/kg-blessem.de\/wp-content\/uploads\/2020\/04\/Anklage2-768x1024.jpg\" alt=\"Anklage\" class=\"wp-image-156\" srcset=\"https:\/\/kg-blessem.de\/wp-content\/uploads\/2020\/04\/Anklage2-768x1024.jpg 768w, https:\/\/kg-blessem.de\/wp-content\/uploads\/2020\/04\/Anklage2-225x300.jpg 225w, https:\/\/kg-blessem.de\/wp-content\/uploads\/2020\/04\/Anklage2-1152x1536.jpg 1152w, https:\/\/kg-blessem.de\/wp-content\/uploads\/2020\/04\/Anklage2-1536x2048.jpg 1536w, https:\/\/kg-blessem.de\/wp-content\/uploads\/2020\/04\/Anklage2-scaled.jpg 1920w\" sizes=\"auto, (max-width: 768px) 100vw, 768px\" \/><figcaption>Der Nubbel wird f\u00fcr seine S\u00fcnden und Verfehlungen angeklagt.<\/figcaption><\/figure><\/div>\n\n\n\n<div class=\"wp-block-image\"><figure class=\"aligncenter size-large\"><img loading=\"lazy\" decoding=\"async\" width=\"768\" height=\"1024\" src=\"https:\/\/kg-blessem.de\/wp-content\/uploads\/2020\/04\/Anklage1-768x1024.jpg\" alt=\"Der Nubbel wird angeklagt\" class=\"wp-image-155\" srcset=\"https:\/\/kg-blessem.de\/wp-content\/uploads\/2020\/04\/Anklage1-768x1024.jpg 768w, https:\/\/kg-blessem.de\/wp-content\/uploads\/2020\/04\/Anklage1-225x300.jpg 225w, https:\/\/kg-blessem.de\/wp-content\/uploads\/2020\/04\/Anklage1-1152x1536.jpg 1152w, https:\/\/kg-blessem.de\/wp-content\/uploads\/2020\/04\/Anklage1-1536x2048.jpg 1536w, https:\/\/kg-blessem.de\/wp-content\/uploads\/2020\/04\/Anklage1-scaled.jpg 1920w\" sizes=\"auto, (max-width: 768px) 100vw, 768px\" \/><figcaption>Noch hat er den Ernst der Lage nicht erkannt&#8230;<\/figcaption><\/figure><\/div>\n\n\n\n<div class=\"wp-block-image\"><figure class=\"aligncenter size-large\"><img loading=\"lazy\" decoding=\"async\" width=\"1024\" height=\"768\" src=\"https:\/\/kg-blessem.de\/wp-content\/uploads\/2020\/04\/Prozession.jpg\" alt=\"KG\" class=\"wp-image-158\" srcset=\"https:\/\/kg-blessem.de\/wp-content\/uploads\/2020\/04\/Prozession.jpg 1024w, https:\/\/kg-blessem.de\/wp-content\/uploads\/2020\/04\/Prozession-300x225.jpg 300w, https:\/\/kg-blessem.de\/wp-content\/uploads\/2020\/04\/Prozession-768x576.jpg 768w\" sizes=\"auto, (max-width: 1024px) 100vw, 1024px\" \/><figcaption>Los geht es an die Erft!<\/figcaption><\/figure><\/div>\n","protected":false},"excerpt":{"rendered":"<p>Auch bei uns in Blessem gibt es die Tradition der Nubbelverbrennung. Der Nubbel (eine angekleidete Strohpuppe) wird am Mittwoch vor Weiberfastnacht von der KG &#8222;gebastelt&#8220; und dann \u00fcber der Eingangst\u00fcr des &#8222;Blessemer Ecks&#8220; befestigt. Am Abend des Veilchendienstags wird der Nubbel in die Kneipe gebracht und es wird die Anklageschrift vorgetragen. Nachdem der Nubbel von &#8230; <a title=\"Nubbelverbrennung\" class=\"read-more\" href=\"https:\/\/kg-blessem.de\/?page_id=117\" aria-label=\"Mehr Informationen \u00fcber Nubbelverbrennung\">Weiterlesen<\/a><\/p>\n","protected":false},"author":1,"featured_media":0,"parent":111,"menu_order":5,"comment_status":"closed","ping_status":"closed","template":"","meta":{"footnotes":""},"class_list":["post-117","page","type-page","status-publish"],"_links":{"self":[{"href":"https:\/\/kg-blessem.de\/index.php?rest_route=\/wp\/v2\/pages\/117","targetHints":{"allow":["GET"]}}],"collection":[{"href":"https:\/\/kg-blessem.de\/index.php?rest_route=\/wp\/v2\/pages"}],"about":[{"href":"https:\/\/kg-blessem.de\/index.php?rest_route=\/wp\/v2\/types\/page"}],"author":[{"embeddable":true,"href":"https:\/\/kg-blessem.de\/index.php?rest_route=\/wp\/v2\/users\/1"}],"replies":[{"embeddable":true,"href":"https:\/\/kg-blessem.de\/index.php?rest_route=%2Fwp%2Fv2%2Fcomments&post=117"}],"version-history":[{"count":5,"href":"https:\/\/kg-blessem.de\/index.php?rest_route=\/wp\/v2\/pages\/117\/revisions"}],"predecessor-version":[{"id":195,"href":"https:\/\/kg-blessem.de\/index.php?rest_route=\/wp\/v2\/pages\/117\/revisions\/195"}],"up":[{"embeddable":true,"href":"https:\/\/kg-blessem.de\/index.php?rest_route=\/wp\/v2\/pages\/111"}],"wp:attachment":[{"href":"https:\/\/kg-blessem.de\/index.php?rest_route=%2Fwp%2Fv2%2Fmedia&parent=117"}],"curies":[{"name":"wp","href":"https:\/\/api.w.org\/{rel}","templated":true}]}}