{"id":132,"date":"2020-05-10T13:06:13","date_gmt":"2020-05-10T11:06:13","guid":{"rendered":"http:\/\/kg-blessem.de\/?page_id=132"},"modified":"2025-05-17T16:46:59","modified_gmt":"2025-05-17T14:46:59","slug":"vorstand","status":"publish","type":"page","link":"https:\/\/kg-blessem.de\/?page_id=132","title":{"rendered":"Vorstand"},"content":{"rendered":"\n<p>Unser Vorstand besteht aus folgenden, im Rahmen der Jahreshauptversammlung 2025 gew\u00e4hlten Mitgliedern:<\/p>\n\n\n\n<p>Erster Vorsitzender: Thomas Grosser<\/p>\n\n\n\n<p>Zweiter Vorsitzender: Olaf Jenniges<\/p>\n\n\n\n<p>Gesch\u00e4ftsf\u00fchrerin: Katharina Kl\u00fcttermann<\/p>\n\n\n\n<p>Erste Kassiererin: Silke Eul<\/p>\n\n\n\n<p>Zweite Kassiererin: Bianca Schaaf<\/p>\n\n\n\n<p>Schriftf\u00fchrerin: Birte Strank<\/p>\n","protected":false},"excerpt":{"rendered":"<p>Unser Vorstand besteht aus folgenden, im Rahmen der Jahreshauptversammlung 2025 gew\u00e4hlten Mitgliedern: Erster Vorsitzender: Thomas Grosser Zweiter Vorsitzender: Olaf Jenniges Gesch\u00e4ftsf\u00fchrerin: Katharina Kl\u00fcttermann Erste Kassiererin: Silke Eul Zweite Kassiererin: Bianca Schaaf Schriftf\u00fchrerin: Birte Strank<\/p>\n","protected":false},"author":1,"featured_media":0,"parent":130,"menu_order":1,"comment_status":"closed","ping_status":"closed","template":"","meta":{"footnotes":""},"class_list":["post-132","page","type-page","status-publish"],"_links":{"self":[{"href":"https:\/\/kg-blessem.de\/index.php?rest_route=\/wp\/v2\/pages\/132","targetHints":{"allow":["GET"]}}],"collection":[{"href":"https:\/\/kg-blessem.de\/index.php?rest_route=\/wp\/v2\/pages"}],"about":[{"href":"https:\/\/kg-blessem.de\/index.php?rest_route=\/wp\/v2\/types\/page"}],"author":[{"embeddable":true,"href":"https:\/\/kg-blessem.de\/index.php?rest_route=\/wp\/v2\/users\/1"}],"replies":[{"embeddable":true,"href":"https:\/\/kg-blessem.de\/index.php?rest_route=%2Fwp%2Fv2%2Fcomments&post=132"}],"version-history":[{"count":5,"href":"https:\/\/kg-blessem.de\/index.php?rest_route=\/wp\/v2\/pages\/132\/revisions"}],"predecessor-version":[{"id":444,"href":"https:\/\/kg-blessem.de\/index.php?rest_route=\/wp\/v2\/pages\/132\/revisions\/444"}],"up":[{"embeddable":true,"href":"https:\/\/kg-blessem.de\/index.php?rest_route=\/wp\/v2\/pages\/130"}],"wp:attachment":[{"href":"https:\/\/kg-blessem.de\/index.php?rest_route=%2Fwp%2Fv2%2Fmedia&parent=132"}],"curies":[{"name":"wp","href":"https:\/\/api.w.org\/{rel}","templated":true}]}}