{"id":134,"date":"2020-05-10T13:07:36","date_gmt":"2020-05-10T11:07:36","guid":{"rendered":"http:\/\/kg-blessem.de\/?page_id=134"},"modified":"2020-05-10T13:07:36","modified_gmt":"2020-05-10T11:07:36","slug":"aktive-mitglieder","status":"publish","type":"page","link":"https:\/\/kg-blessem.de\/?page_id=134","title":{"rendered":"Aktive Mitglieder"},"content":{"rendered":"\n<p>Die aktiven Mitglieder (einschl. Vorstand) gestalten das Leben der Gesellschaft. Sie ziehen w\u00e4hrend der Karnevalszeit mit der &#8222;KG&#8220; durch die Karnevalss\u00e4le unserer Region. Doch das ist bei weitem nicht alles, was die aktiven Mitglieder leisten. Denn alle unsere Veranstaltungen k\u00f6nnen wir nur durchf\u00fchren, da jeder mit anpackt. Sei es im Bereich der Organisation im Vorfeld von Veranstaltungen oder beim &#8222;Anpacken&#8220; w\u00e4hrend der Veranstaltungen. Dies betrifft z.B. die Planung und Durchf\u00fchrung unseres Karnevalsumzugs, den Einkauf des Wurfmaterials f\u00fcr den Karnevalsumzug, die Planung und Durchf\u00fchrungen der Karnevalssitzungen, das Design der Orden\/Pins, den (Um)Bau unseres Festwagens, den Auf- und Abbau bei unseren Festen, die Arbeit w\u00e4hrend der Feste und vieles mehr.<\/p>\n\n\n\n<p>Nicht zu vergessen sind aber auch all diejenigen, die nicht zum Kreis der &#8222;Aktiven Mitglieder&#8220; geh\u00f6ren und uns regelm\u00e4\u00dfig tatkr\u00e4ftig unterst\u00fctzen. Nur so k\u00f6nnen wir unsere Veranstaltungen durchf\u00fchren. Herzlichen Dank daf\u00fcr!<\/p>\n","protected":false},"excerpt":{"rendered":"<p>Die aktiven Mitglieder (einschl. Vorstand) gestalten das Leben der Gesellschaft. Sie ziehen w\u00e4hrend der Karnevalszeit mit der &#8222;KG&#8220; durch die Karnevalss\u00e4le unserer Region. Doch das ist bei weitem nicht alles, was die aktiven Mitglieder leisten. Denn alle unsere Veranstaltungen k\u00f6nnen wir nur durchf\u00fchren, da jeder mit anpackt. Sei es im Bereich der Organisation im Vorfeld &#8230; <a title=\"Aktive Mitglieder\" class=\"read-more\" href=\"https:\/\/kg-blessem.de\/?page_id=134\" aria-label=\"Mehr Informationen \u00fcber Aktive Mitglieder\">Weiterlesen<\/a><\/p>\n","protected":false},"author":1,"featured_media":0,"parent":130,"menu_order":2,"comment_status":"closed","ping_status":"closed","template":"","meta":{"footnotes":""},"class_list":["post-134","page","type-page","status-publish"],"_links":{"self":[{"href":"https:\/\/kg-blessem.de\/index.php?rest_route=\/wp\/v2\/pages\/134","targetHints":{"allow":["GET"]}}],"collection":[{"href":"https:\/\/kg-blessem.de\/index.php?rest_route=\/wp\/v2\/pages"}],"about":[{"href":"https:\/\/kg-blessem.de\/index.php?rest_route=\/wp\/v2\/types\/page"}],"author":[{"embeddable":true,"href":"https:\/\/kg-blessem.de\/index.php?rest_route=\/wp\/v2\/users\/1"}],"replies":[{"embeddable":true,"href":"https:\/\/kg-blessem.de\/index.php?rest_route=%2Fwp%2Fv2%2Fcomments&post=134"}],"version-history":[{"count":4,"href":"https:\/\/kg-blessem.de\/index.php?rest_route=\/wp\/v2\/pages\/134\/revisions"}],"predecessor-version":[{"id":167,"href":"https:\/\/kg-blessem.de\/index.php?rest_route=\/wp\/v2\/pages\/134\/revisions\/167"}],"up":[{"embeddable":true,"href":"https:\/\/kg-blessem.de\/index.php?rest_route=\/wp\/v2\/pages\/130"}],"wp:attachment":[{"href":"https:\/\/kg-blessem.de\/index.php?rest_route=%2Fwp%2Fv2%2Fmedia&parent=134"}],"curies":[{"name":"wp","href":"https:\/\/api.w.org\/{rel}","templated":true}]}}