{"id":136,"date":"2020-05-10T13:08:39","date_gmt":"2020-05-10T11:08:39","guid":{"rendered":"http:\/\/kg-blessem.de\/?page_id=136"},"modified":"2020-05-10T13:08:39","modified_gmt":"2020-05-10T11:08:39","slug":"blessemer-kornbluemchen","status":"publish","type":"page","link":"https:\/\/kg-blessem.de\/?page_id=136","title":{"rendered":"Blessemer Kornbl\u00fcmchen"},"content":{"rendered":"\n<p>Auch wenn sie organisatorisch eigentlich gar nicht zur KG Blessem geh\u00f6ren (sie sind eine Abteilung des VfB Blessem 1924 e.V.), sind die Blessemer Kornbl\u00fcmchen dennoch ein fester Bestandteil unserer Auftritte. Dank der hervorragenden und abwechslungsreichen t\u00e4nzerischen Unterst\u00fctzung schaffen wir es in den S\u00e4len von Erftstadt &#8211; und dar\u00fcber hinaus &#8211; f\u00fcr karnevalistische Hochstimmung zu sorgen!<\/p>\n\n\n\n<p>Die Blessemer Kornbl\u00fcmchen haben aktuell sechs Tanzgruppen. Vier Gruppen im Jugendbereich: Das sind die &#8222;Kleinsten&#8220;, die Micros (3-6 Jahre), die Minis (6-8 Jahre), die Midis (8-11 Jahre) und die Maxis (ab ca. 11 Jahren). Im Seniorenbereich tanzen die Damen, die erste Gruppe, die 1976 gegr\u00fcndet wurde. Und seit dem 40. Jubil\u00e4um haben die Blessemer Kornbl\u00fcmchen auch eine M\u00e4nnertanzgruppe, die Kornjuwelen (Man munkelt, dass hier &#8222;o&#8220; und &#8222;r&#8220; oftmals verwechselt werden).<\/p>\n\n\n\n<p>Ein gro\u00dfer Dank gilt neben den T\u00e4nzerinnen und T\u00e4nzern all denen, die sich im Hintergrund z.B. um die Organisation, die T\u00e4nze und das Equipment k\u00fcmmern!<\/p>\n\n\n\n<p>Verst\u00e4rkung ist immer willkommen! Wenn ihr also Lust auf Tanzen, Karneval und Vereinsleben habt, seid ihr bei den Blessemer Kornbl\u00fcmchen genau richtig.<\/p>\n\n\n\n<p>Falls ihr mehr erfahren wollt, k\u00f6nnt ihr euch <a rel=\"noreferrer noopener\" href=\"https:\/\/www.blessemerkornbluemchen.de\/\" target=\"_blank\">hier auf der Homepage der Blessemer Kornbl\u00fcmchen<\/a> erkundigen.<\/p>\n","protected":false},"excerpt":{"rendered":"<p>Auch wenn sie organisatorisch eigentlich gar nicht zur KG Blessem geh\u00f6ren (sie sind eine Abteilung des VfB Blessem 1924 e.V.), sind die Blessemer Kornbl\u00fcmchen dennoch ein fester Bestandteil unserer Auftritte. Dank der hervorragenden und abwechslungsreichen t\u00e4nzerischen Unterst\u00fctzung schaffen wir es in den S\u00e4len von Erftstadt &#8211; und dar\u00fcber hinaus &#8211; f\u00fcr karnevalistische Hochstimmung zu sorgen! &#8230; <a title=\"Blessemer Kornbl\u00fcmchen\" class=\"read-more\" href=\"https:\/\/kg-blessem.de\/?page_id=136\" aria-label=\"Mehr Informationen \u00fcber Blessemer Kornbl\u00fcmchen\">Weiterlesen<\/a><\/p>\n","protected":false},"author":1,"featured_media":0,"parent":130,"menu_order":3,"comment_status":"closed","ping_status":"closed","template":"","meta":{"footnotes":""},"class_list":["post-136","page","type-page","status-publish"],"_links":{"self":[{"href":"https:\/\/kg-blessem.de\/index.php?rest_route=\/wp\/v2\/pages\/136","targetHints":{"allow":["GET"]}}],"collection":[{"href":"https:\/\/kg-blessem.de\/index.php?rest_route=\/wp\/v2\/pages"}],"about":[{"href":"https:\/\/kg-blessem.de\/index.php?rest_route=\/wp\/v2\/types\/page"}],"author":[{"embeddable":true,"href":"https:\/\/kg-blessem.de\/index.php?rest_route=\/wp\/v2\/users\/1"}],"replies":[{"embeddable":true,"href":"https:\/\/kg-blessem.de\/index.php?rest_route=%2Fwp%2Fv2%2Fcomments&post=136"}],"version-history":[{"count":8,"href":"https:\/\/kg-blessem.de\/index.php?rest_route=\/wp\/v2\/pages\/136\/revisions"}],"predecessor-version":[{"id":148,"href":"https:\/\/kg-blessem.de\/index.php?rest_route=\/wp\/v2\/pages\/136\/revisions\/148"}],"up":[{"embeddable":true,"href":"https:\/\/kg-blessem.de\/index.php?rest_route=\/wp\/v2\/pages\/130"}],"wp:attachment":[{"href":"https:\/\/kg-blessem.de\/index.php?rest_route=%2Fwp%2Fv2%2Fmedia&parent=136"}],"curies":[{"name":"wp","href":"https:\/\/api.w.org\/{rel}","templated":true}]}}