{"id":84,"date":"2020-04-04T19:00:52","date_gmt":"2020-04-04T17:00:52","guid":{"rendered":"http:\/\/kg-blessem.de\/?page_id=84"},"modified":"2020-04-04T20:34:59","modified_gmt":"2020-04-04T18:34:59","slug":"kontakt","status":"publish","type":"page","link":"https:\/\/kg-blessem.de\/?page_id=84","title":{"rendered":"Kontakt"},"content":{"rendered":"\n<p><strong>Karnevalsgesellschaft Blessem e.V.<\/strong><br>In der Aue 1a<br>50374 Erftstadt<\/p>\n\n\n\n<p><\/p>\n\n\n\n<p>F\u00fcr Fragen oder Anregungen k\u00f6nnt ihr euch gerne \u00fcber das nachstehende Kontaktformular an uns wenden. Bitte beachtet aber folgendes: Wir sind f\u00fcr die KG ehrenamtlich t\u00e4tig und haben auch andere Verplichtungen, sodass wir unsere Zeit priorisieren m\u00fcssen. So kann es manchmal sein, dass wir z.B. aufgrund von beruflichen Terminen nicht direkt antworten. Daf\u00fcr bitten wir um euer Verst\u00e4ndnis. Wir sind aber immer stehts bem\u00fcht euch schnellstm\u00f6glich zu antworten.<\/p>\n\n\n\n<p><\/p>\n\n\n\n\n<div class=\"wpcf7 no-js\" id=\"wpcf7-f4-o1\" lang=\"de-DE\" dir=\"ltr\" data-wpcf7-id=\"4\">\n<div class=\"screen-reader-response\"><p role=\"status\" aria-live=\"polite\" aria-atomic=\"true\"><\/p> <ul><\/ul><\/div>\n<form action=\"\/index.php?rest_route=%2Fwp%2Fv2%2Fpages%2F84#wpcf7-f4-o1\" method=\"post\" class=\"wpcf7-form init\" aria-label=\"Kontaktformular\" novalidate=\"novalidate\" data-status=\"init\">\n<fieldset class=\"hidden-fields-container\"><input type=\"hidden\" name=\"_wpcf7\" value=\"4\" \/><input type=\"hidden\" name=\"_wpcf7_version\" value=\"6.1.5\" \/><input type=\"hidden\" name=\"_wpcf7_locale\" value=\"de_DE\" \/><input type=\"hidden\" name=\"_wpcf7_unit_tag\" value=\"wpcf7-f4-o1\" \/><input type=\"hidden\" name=\"_wpcf7_container_post\" value=\"0\" \/><input type=\"hidden\" name=\"_wpcf7_posted_data_hash\" value=\"\" \/>\n<\/fieldset>\n<p><label> Dein Name (Pflichtfeld)<br \/>\n<span class=\"wpcf7-form-control-wrap\" data-name=\"your-name\"><input size=\"40\" maxlength=\"400\" class=\"wpcf7-form-control wpcf7-text wpcf7-validates-as-required\" aria-required=\"true\" aria-invalid=\"false\" value=\"\" type=\"text\" name=\"your-name\" \/><\/span> <\/label>\n<\/p>\n<p><label> Deine E-Mail-Adresse (Pflichtfeld)<br \/>\n<span class=\"wpcf7-form-control-wrap\" data-name=\"your-email\"><input size=\"40\" maxlength=\"400\" class=\"wpcf7-form-control wpcf7-email wpcf7-validates-as-required wpcf7-text wpcf7-validates-as-email\" aria-required=\"true\" aria-invalid=\"false\" value=\"\" type=\"email\" name=\"your-email\" \/><\/span> <\/label>\n<\/p>\n<p><label> Betreff<br \/>\n<span class=\"wpcf7-form-control-wrap\" data-name=\"your-subject\"><input size=\"40\" maxlength=\"400\" class=\"wpcf7-form-control wpcf7-text\" aria-invalid=\"false\" value=\"\" type=\"text\" name=\"your-subject\" \/><\/span> <\/label>\n<\/p>\n<p><label> Deine Nachricht<br \/>\n<span class=\"wpcf7-form-control-wrap\" data-name=\"your-message\"><textarea cols=\"40\" rows=\"10\" maxlength=\"2000\" class=\"wpcf7-form-control wpcf7-textarea\" aria-invalid=\"false\" name=\"your-message\"><\/textarea><\/span> <\/label>\n<\/p>\n<p><input class=\"wpcf7-form-control wpcf7-submit has-spinner\" type=\"submit\" value=\"Senden\" \/>\n<\/p><div class=\"wpcf7-response-output\" aria-hidden=\"true\"><\/div>\n<\/form>\n<\/div>\n\n","protected":false},"excerpt":{"rendered":"<p>Karnevalsgesellschaft Blessem e.V.In der Aue 1a50374 Erftstadt F\u00fcr Fragen oder Anregungen k\u00f6nnt ihr euch gerne \u00fcber das nachstehende Kontaktformular an uns wenden. Bitte beachtet aber folgendes: Wir sind f\u00fcr die KG ehrenamtlich t\u00e4tig und haben auch andere Verplichtungen, sodass wir unsere Zeit priorisieren m\u00fcssen. So kann es manchmal sein, dass wir z.B. aufgrund von beruflichen &#8230; <a title=\"Kontakt\" class=\"read-more\" href=\"https:\/\/kg-blessem.de\/?page_id=84\" aria-label=\"Mehr Informationen \u00fcber Kontakt\">Weiterlesen<\/a><\/p>\n","protected":false},"author":1,"featured_media":0,"parent":0,"menu_order":8,"comment_status":"closed","ping_status":"closed","template":"","meta":{"footnotes":""},"class_list":["post-84","page","type-page","status-publish"],"_links":{"self":[{"href":"https:\/\/kg-blessem.de\/index.php?rest_route=\/wp\/v2\/pages\/84","targetHints":{"allow":["GET"]}}],"collection":[{"href":"https:\/\/kg-blessem.de\/index.php?rest_route=\/wp\/v2\/pages"}],"about":[{"href":"https:\/\/kg-blessem.de\/index.php?rest_route=\/wp\/v2\/types\/page"}],"author":[{"embeddable":true,"href":"https:\/\/kg-blessem.de\/index.php?rest_route=\/wp\/v2\/users\/1"}],"replies":[{"embeddable":true,"href":"https:\/\/kg-blessem.de\/index.php?rest_route=%2Fwp%2Fv2%2Fcomments&post=84"}],"version-history":[{"count":6,"href":"https:\/\/kg-blessem.de\/index.php?rest_route=\/wp\/v2\/pages\/84\/revisions"}],"predecessor-version":[{"id":108,"href":"https:\/\/kg-blessem.de\/index.php?rest_route=\/wp\/v2\/pages\/84\/revisions\/108"}],"wp:attachment":[{"href":"https:\/\/kg-blessem.de\/index.php?rest_route=%2Fwp%2Fv2%2Fmedia&parent=84"}],"curies":[{"name":"wp","href":"https:\/\/api.w.org\/{rel}","templated":true}]}}