{"id":92,"date":"2020-04-04T19:03:08","date_gmt":"2020-04-04T17:03:08","guid":{"rendered":"http:\/\/kg-blessem.de\/?page_id=92"},"modified":"2026-02-20T18:23:21","modified_gmt":"2026-02-20T17:23:21","slug":"aktuelles","status":"publish","type":"page","link":"https:\/\/kg-blessem.de\/?page_id=92","title":{"rendered":"Aktuelles"},"content":{"rendered":"\n<p>Unsere Jubil\u00e4umssession ist nun leider schon vorbei. Es war eine wundersch\u00f6ne Session &#8211; vielen Dank an ALLE, die uns unterst\u00fctzt haben!<\/p>\n\n\n\n<p><\/p>\n\n\n\n<p><\/p>\n","protected":false},"excerpt":{"rendered":"<p>Unsere Jubil\u00e4umssession ist nun leider schon vorbei. Es war eine wundersch\u00f6ne Session &#8211; vielen Dank an ALLE, die uns unterst\u00fctzt haben!<\/p>\n","protected":false},"author":1,"featured_media":0,"parent":0,"menu_order":2,"comment_status":"closed","ping_status":"closed","template":"","meta":{"footnotes":""},"class_list":["post-92","page","type-page","status-publish"],"_links":{"self":[{"href":"https:\/\/kg-blessem.de\/index.php?rest_route=\/wp\/v2\/pages\/92","targetHints":{"allow":["GET"]}}],"collection":[{"href":"https:\/\/kg-blessem.de\/index.php?rest_route=\/wp\/v2\/pages"}],"about":[{"href":"https:\/\/kg-blessem.de\/index.php?rest_route=\/wp\/v2\/types\/page"}],"author":[{"embeddable":true,"href":"https:\/\/kg-blessem.de\/index.php?rest_route=\/wp\/v2\/users\/1"}],"replies":[{"embeddable":true,"href":"https:\/\/kg-blessem.de\/index.php?rest_route=%2Fwp%2Fv2%2Fcomments&post=92"}],"version-history":[{"count":51,"href":"https:\/\/kg-blessem.de\/index.php?rest_route=\/wp\/v2\/pages\/92\/revisions"}],"predecessor-version":[{"id":469,"href":"https:\/\/kg-blessem.de\/index.php?rest_route=\/wp\/v2\/pages\/92\/revisions\/469"}],"wp:attachment":[{"href":"https:\/\/kg-blessem.de\/index.php?rest_route=%2Fwp%2Fv2%2Fmedia&parent=92"}],"curies":[{"name":"wp","href":"https:\/\/api.w.org\/{rel}","templated":true}]}}